{"id":150,"date":"2024-09-11T09:00:35","date_gmt":"2024-09-11T07:00:35","guid":{"rendered":"https:\/\/www.lettiv.com\/?page_id=150"},"modified":"2024-09-11T18:17:46","modified_gmt":"2024-09-11T16:17:46","slug":"formularz-lokacja","status":"publish","type":"page","link":"https:\/\/www.lettiv.com\/index.php\/formularz-lokacja\/","title":{"rendered":"Formularz lokacja"},"content":{"rendered":"\t\t<div data-elementor-type=\"wp-page\" data-elementor-id=\"150\" class=\"elementor elementor-150\">\n\t\t\t\t<div class=\"elementor-element elementor-element-f5f4790 e-flex e-con-boxed e-con e-parent\" data-id=\"f5f4790\" data-element_type=\"container\">\n\t\t\t\t\t<div class=\"e-con-inner\">\n\t\t\t\t<div class=\"elementor-element elementor-element-a1a49e0 elementor-widget elementor-widget-heading\" data-id=\"a1a49e0\" data-element_type=\"widget\" data-widget_type=\"heading.default\">\n\t\t\t\t<div class=\"elementor-widget-container\">\n\t\t\t<style>\/*! elementor - v3.23.0 - 05-08-2024 *\/\n.elementor-heading-title{padding:0;margin:0;line-height:1}.elementor-widget-heading .elementor-heading-title[class*=elementor-size-]>a{color:inherit;font-size:inherit;line-height:inherit}.elementor-widget-heading .elementor-heading-title.elementor-size-small{font-size:15px}.elementor-widget-heading .elementor-heading-title.elementor-size-medium{font-size:19px}.elementor-widget-heading .elementor-heading-title.elementor-size-large{font-size:29px}.elementor-widget-heading .elementor-heading-title.elementor-size-xl{font-size:39px}.elementor-widget-heading .elementor-heading-title.elementor-size-xxl{font-size:59px}<\/style><h2 class=\"elementor-heading-title elementor-size-default\">Formularz zg\u0142oszeniowy<\/h2>\t\t<\/div>\n\t\t\t\t<\/div>\n\t\t\t\t<div class=\"elementor-element elementor-element-30d6c6b elementor-widget elementor-widget-heading\" data-id=\"30d6c6b\" data-element_type=\"widget\" data-widget_type=\"heading.default\">\n\t\t\t\t<div class=\"elementor-widget-container\">\n\t\t\t<h2 class=\"elementor-heading-title elementor-size-default\">*pola wymagane<\/h2>\t\t<\/div>\n\t\t\t\t<\/div>\n\t\t\t\t\t<\/div>\n\t\t\t\t<\/div>\n\t\t<div class=\"elementor-element elementor-element-1c96262 e-flex e-con-boxed e-con e-parent\" data-id=\"1c96262\" data-element_type=\"container\">\n\t\t\t\t\t<div class=\"e-con-inner\">\n\t\t\t\t<div class=\"elementor-element elementor-element-e15e30a elementor-widget elementor-widget-shortcode\" data-id=\"e15e30a\" data-element_type=\"widget\" data-widget_type=\"shortcode.default\">\n\t\t\t\t<div class=\"elementor-widget-container\">\n\t\t\t\t\t<div class=\"elementor-shortcode\"><div class=\"forminator-ui forminator-custom-form forminator-custom-form-149 forminator-design--default  forminator_ajax\" data-forminator-render=\"0\" data-form=\"forminator-module-149\" data-uid=\"69e1c5917b837\"><br\/><\/div><form\n\t\t\t\tid=\"forminator-module-149\"\n\t\t\t\tclass=\"forminator-ui forminator-custom-form forminator-custom-form-149 forminator-design--default  forminator_ajax\"\n\t\t\t\tmethod=\"post\"\n\t\t\t\tdata-forminator-render=\"0\"\n\t\t\t\tdata-form-id=\"149\"\n\t\t\t\t\n\t\t\t\tdata-design=\"default\"\n\t\t\t\t\n\t\t\t\t\n\t\t\t\t\n\t\t\t\tdata-grid=\"open\"\n\t\t\t\tenctype=\"multipart\/form-data\"\n\t\t\t\t\n\t\t\t\tstyle=\"display: none;\"\n\t\t\t\t\n\t\t\t\tdata-uid=\"69e1c5917b837\"\n\t\t\t><div role=\"alert\" aria-live=\"polite\" class=\"forminator-response-message forminator-error\" aria-hidden=\"true\"><\/div><div class=\"forminator-row\"><div id=\"html-1\" class=\"forminator-field-html forminator-col forminator-col-12 \"><div class=\"forminator-field forminator-merge-tags\" data-field=\"html-1\"><h3><b>Informacje o lokacji<\/b><\/h3><\/div><\/div><\/div><div class=\"forminator-row\"><div id=\"select-4\" class=\"forminator-field-select forminator-col forminator-col-12 \"><div class=\"forminator-field\"><label for=\"forminator-form-149__field--select-4_69e1c5917b837\" id=\"forminator-form-149__field--select-4_69e1c5917b837-label\" class=\"forminator-label\">Rodzaj lokacji <span class=\"forminator-required\">*<\/span><\/label><select  id=\"forminator-form-149__field--select-4_69e1c5917b837\" class=\"forminator-select--field forminator-select2 forminator-select2-multiple\" data-required=\"1\" name=\"select-4\" data-default-value=\"one\" data-hidden-behavior=\"zero\" data-placeholder=\"Please select an option\" data-search=\"false\" data-search-placeholder=\"Please select an option\" data-checkbox=\"false\" data-allow-clear=\"false\" aria-labelledby=\"forminator-form-149__field--select-4_69e1c5917b837-label\"><option value=\"\"  >Please select an option<\/option><option value=\"one\" selected=\"selected\" data-calculation=\"0\">dom jednorodzinny<\/option><option value=\"two\"  data-calculation=\"0\">bli\u017aniak\/segment<\/option><option value=\"mieszkanie-w-bloku\"  data-calculation=\"0\">mieszkanie w bloku<\/option><option value=\"mieszkanie-w-kamienicy\"  data-calculation=\"0\">mieszkanie w kamienicy<\/option><option value=\"biuro-lokal-us\u0142ugowy\"  data-calculation=\"0\">biuro\/lokal us\u0142ugowy<\/option><option value=\"inne\"  data-calculation=\"0\">inne<\/option><\/select><\/div><\/div><\/div><div class=\"forminator-row\"><div id=\"name-1\" class=\"forminator-field-name forminator-col forminator-col-12 \"><div class=\"forminator-row forminator-no-margin\" data-multiple=\"true\"><div class=\"forminator-col forminator-col-md-6\"><div class=\"forminator-field\"><label for=\"forminator-field-first-name-1_69e1c5917b837\" id=\"forminator-field-first-name-1_69e1c5917b837-label\" class=\"forminator-label\">Imi\u0119 <span class=\"forminator-required\">*<\/span><\/label><input type=\"text\" name=\"name-1-first-name\" placeholder=\"\" id=\"forminator-field-first-name-1_69e1c5917b837\" class=\"forminator-input\" aria-required=\"true\" data-multi=\"1\" value=\"\" \/><\/div><\/div><div class=\"forminator-col forminator-col-md-6\"><div class=\"forminator-field\"><label for=\"forminator-field-last-name-1_69e1c5917b837\" id=\"forminator-field-last-name-1_69e1c5917b837-label\" class=\"forminator-label\">Nazwisko <span class=\"forminator-required\">*<\/span><\/label><input type=\"text\" name=\"name-1-last-name\" placeholder=\"\" id=\"forminator-field-last-name-1_69e1c5917b837\" class=\"forminator-input\" aria-required=\"true\" data-multi=\"1\" value=\"\" \/><\/div><\/div><\/div><\/div><\/div><div class=\"forminator-row\"><div id=\"email-1\" class=\"forminator-field-email forminator-col forminator-col-6 \"><div class=\"forminator-field\"><label for=\"forminator-field-email-1_69e1c5917b837\" id=\"forminator-field-email-1_69e1c5917b837-label\" class=\"forminator-label\">E-mail <span class=\"forminator-required\">*<\/span><\/label><input type=\"email\" name=\"email-1\" value=\"\" placeholder=\"\" id=\"forminator-field-email-1_69e1c5917b837\" class=\"forminator-input forminator-email--field\" data-required=\"1\" aria-required=\"true\" \/><\/div><\/div><div id=\"phone-1\" class=\"forminator-field-phone forminator-col forminator-col-6 \"><div class=\"forminator-field\"><label for=\"forminator-field-phone-1_69e1c5917b837\" id=\"forminator-field-phone-1_69e1c5917b837-label\" class=\"forminator-label\">Nr kontaktowy <span class=\"forminator-required\">*<\/span><\/label><input type=\"text\" name=\"phone-1\" value=\"\" placeholder=\"\" id=\"forminator-field-phone-1_69e1c5917b837\" class=\"forminator-input forminator-field--phone\" data-required=\"1\" aria-required=\"true\" autocomplete=\"off\" \/><\/div><\/div><\/div><div class=\"forminator-row\"><div id=\"text-1\" class=\"forminator-field-text forminator-col forminator-col-12 \"><div class=\"forminator-field\"><label for=\"forminator-field-text-1_69e1c5917b837\" id=\"forminator-field-text-1_69e1c5917b837-label\" class=\"forminator-label\">Miejscowo\u015b\u0107 <span class=\"forminator-required\">*<\/span><\/label><input type=\"text\" name=\"text-1\" value=\"\" placeholder=\"\" id=\"forminator-field-text-1_69e1c5917b837\" class=\"forminator-input forminator-name--field\" data-required=\"1\" \/><\/div><\/div><\/div><div class=\"forminator-row\"><div id=\"text-2\" class=\"forminator-field-text forminator-col forminator-col-6 \"><div class=\"forminator-field\"><label for=\"forminator-field-text-2_69e1c5917b837\" id=\"forminator-field-text-2_69e1c5917b837-label\" class=\"forminator-label\">Powierzchnia<\/label><input type=\"text\" name=\"text-2\" value=\"\" placeholder=\"\" id=\"forminator-field-text-2_69e1c5917b837\" class=\"forminator-input forminator-name--field\" data-required=\"\" \/><\/div><\/div><div id=\"text-3\" class=\"forminator-field-text forminator-col forminator-col-6 \"><div class=\"forminator-field\"><label for=\"forminator-field-text-3_69e1c5917b837\" id=\"forminator-field-text-3_69e1c5917b837-label\" class=\"forminator-label\">Rok budowy<\/label><input type=\"text\" name=\"text-3\" value=\"\" placeholder=\"\" id=\"forminator-field-text-3_69e1c5917b837\" class=\"forminator-input forminator-name--field\" data-required=\"\" \/><\/div><\/div><\/div><div class=\"forminator-row\"><div id=\"textarea-2\" class=\"forminator-field-textarea forminator-col forminator-col-12 \"><div class=\"forminator-field\"><label for=\"forminator-field-textarea-2_69e1c5917b837\" id=\"forminator-field-textarea-2_69e1c5917b837-label\" class=\"forminator-label\">Dodatkowe informacje oraz linki youtube\/wetransfer<\/label><textarea name=\"textarea-2\" placeholder=\"\" id=\"forminator-field-textarea-2_69e1c5917b837\" class=\"forminator-textarea\" rows=\"6\" style=\"min-height:140px;\" ><\/textarea><\/div><\/div><\/div><div class=\"forminator-row\"><div id=\"html-5\" class=\"forminator-field-html forminator-col forminator-col-12 \"><div class=\"forminator-field forminator-merge-tags\" data-field=\"html-5\"><h3><b>Zdj\u0119cia&nbsp;<\/b><\/h3><\/div><\/div><\/div><div class=\"forminator-row\"><div id=\"upload-1\" class=\"forminator-field-upload forminator-col forminator-col-12 \"><div class=\"forminator-field\"><label for=\"forminator-field-upload-1_69e1c5917b837\" id=\"forminator-field-upload-1_69e1c5917b837-label\" class=\"forminator-label\">Wn\u0119trza <span class=\"forminator-required\">*<\/span><\/label><div class=\"forminator-multi-upload \" data-element=\"upload-1_69e1c5917b837\"><input type=\"file\" name=\"upload-1[]\" id=\"forminator-field-upload-1_69e1c5917b837\" class=\"forminator-input-file-required do-validate forminator-field-upload-1_69e1c5917b837-149\" multiple=\"multiple\" data-method=\"ajax\" accept=\".jpg,.jpeg,.jpe,.gif,.png,.bmp,.tiff,.tif,.webp,.avif,.ico,.heic,.asf,.asx,.wmv,.wmx,.wm,.avi,.divx,.flv,.mov,.qt,.mpeg,.mpg,.mpe,.mp4,.m4v,.ogv,.webm,.mkv,.3gp,.3gpp,.3g2,.3gp2,.css,.htm,.html,.dfxp,.js,.psd,.xcf,.svg,.svgz,.xml,.json,.tar,.zip,.gz,.gzip,.rar,.7z\" data-size=\"100000000\" data-size-message=\"Maximum file size allowed is 100 MB. \" data-filetype=\"jpg|jpeg|jpe|gif|png|bmp|tiff|tif|webp|avif|ico|heic|asf|asx|wmv|wmx|wm|avi|divx|flv|mov|qt|mpeg|mpg|mpe|mp4|m4v|ogv|webm|mkv|3gp|3gpp|3g2|3gp2|css|htm|html|dfxp|js|psd|xcf|svg|svgz|xml|json|tar|zip|gz|gzip|rar|7z\" data-filetype-message=\"rozszerzenie pliku jest niedozwolone.\"><div class=\"forminator-multi-upload-message\" aria-hidden=\"true\"><span class=\"forminator-icon-upload\" aria-hidden=\"true\"><\/span><p>Przeci\u0105gnij i upu\u015b\u0107 (lub) <a class=\"forminator-upload-file--forminator-field-upload-1_69e1c5917b837\" href=\"#\" onclick=\"return false;\">Wybierz pliki<\/a><\/p><\/div><\/div><ul class=\"forminator-uploaded-files upload-container-upload-1_69e1c5917b837\"><\/ul><\/div><\/div><\/div><div class=\"forminator-row\"><div id=\"upload-2\" class=\"forminator-field-upload forminator-col forminator-col-12 \"><div class=\"forminator-field\"><label for=\"forminator-field-upload-2_69e1c5917b837\" id=\"forminator-field-upload-2_69e1c5917b837-label\" class=\"forminator-label\">Otoczenie<\/label><div class=\"forminator-multi-upload \" data-element=\"upload-2_69e1c5917b837\"><input type=\"file\" name=\"upload-2[]\" id=\"forminator-field-upload-2_69e1c5917b837\" class=\"forminator-input-file forminator-field-upload-2_69e1c5917b837-149\" multiple=\"multiple\" data-method=\"ajax\" accept=\".jpg,.jpeg,.jpe,.gif,.png,.bmp,.tiff,.tif,.webp,.avif,.ico,.heic,.asf,.asx,.wmv,.wmx,.wm,.avi,.divx,.flv,.mov,.qt,.mpeg,.mpg,.mpe,.mp4,.m4v,.ogv,.webm,.mkv,.3gp,.3gpp,.3g2,.3gp2,.css,.htm,.html,.dfxp,.js,.psd,.xcf,.svg,.svgz,.xml,.json,.tar,.zip,.gz,.gzip,.rar,.7z\" data-size=\"100000000\" data-size-message=\"Maximum file size allowed is 100 MB. \" data-filetype=\"jpg|jpeg|jpe|gif|png|bmp|tiff|tif|webp|avif|ico|heic|asf|asx|wmv|wmx|wm|avi|divx|flv|mov|qt|mpeg|mpg|mpe|mp4|m4v|ogv|webm|mkv|3gp|3gpp|3g2|3gp2|css|htm|html|dfxp|js|psd|xcf|svg|svgz|xml|json|tar|zip|gz|gzip|rar|7z\" data-filetype-message=\"rozszerzenie pliku jest niedozwolone.\"><div class=\"forminator-multi-upload-message\" aria-hidden=\"true\"><span class=\"forminator-icon-upload\" aria-hidden=\"true\"><\/span><p>Przeci\u0105gnij i upu\u015b\u0107 (lub) <a class=\"forminator-upload-file--forminator-field-upload-2_69e1c5917b837\" href=\"#\" onclick=\"return false;\">Wybierz pliki<\/a><\/p><\/div><\/div><ul class=\"forminator-uploaded-files upload-container-upload-2_69e1c5917b837\"><\/ul><\/div><\/div><\/div><div class=\"forminator-row\"><div id=\"upload-9\" class=\"forminator-field-upload forminator-col forminator-col-12 \"><div class=\"forminator-field\"><label for=\"forminator-field-upload-9_69e1c5917b837\" id=\"forminator-field-upload-9_69e1c5917b837-label\" class=\"forminator-label\">Wideo<\/label><div class=\"forminator-multi-upload \" data-element=\"upload-9_69e1c5917b837\"><input type=\"file\" name=\"upload-9[]\" id=\"forminator-field-upload-9_69e1c5917b837\" class=\"forminator-input-file forminator-field-upload-9_69e1c5917b837-149\" multiple=\"multiple\" data-method=\"ajax\" accept=\".avif,.asf,.asx,.wmv,.wmx,.wm,.avi,.divx,.flv,.mov,.qt,.mpeg,.mpg,.mpe,.mp4,.m4v,.ogv,.webm,.mkv,.3gp,.3gpp,.3g2,.3gp2,.css,.htm,.html,.dfxp,.js,.svg,.svgz,.xml,.json,.tar,.zip,.gz,.gzip,.rar,.7z\" data-limit=\"3\" data-limit-message=\"Mo\u017cesz wgra\u0107 maksymalnie 3 plik\u00f3w.\" data-size=\"100000000\" data-size-message=\"Maximum file size allowed is 100 MB. \" data-filetype=\"avif|asf|asx|wmv|wmx|wm|avi|divx|flv|mov|qt|mpeg|mpg|mpe|mp4|m4v|ogv|webm|mkv|3gp|3gpp|3g2|3gp2|css|htm|html|dfxp|js|svg|svgz|xml|json|tar|zip|gz|gzip|rar|7z\" data-filetype-message=\"rozszerzenie pliku jest niedozwolone.\"><div class=\"forminator-multi-upload-message\" aria-hidden=\"true\"><span class=\"forminator-icon-upload\" aria-hidden=\"true\"><\/span><p>Przeci\u0105gnij i upu\u015b\u0107 (lub) <a class=\"forminator-upload-file--forminator-field-upload-9_69e1c5917b837\" href=\"#\" onclick=\"return false;\">Wybierz pliki<\/a><\/p><\/div><\/div><ul class=\"forminator-uploaded-files upload-container-upload-9_69e1c5917b837\"><\/ul><\/div><\/div><\/div><div class=\"forminator-row\"><div id=\"html-6\" class=\"forminator-field-html forminator-col forminator-col-12 \"><div class=\"forminator-field forminator-merge-tags\" data-field=\"html-6\"><h3><b>Zgody&nbsp;<\/b><\/h3><\/div><\/div><\/div><div class=\"forminator-row\"><div id=\"checkbox-1\" class=\"forminator-field-checkbox forminator-col forminator-col-12 \"><div role=\"group\" class=\"forminator-field required\" aria-labelledby=\"forminator-checkbox-group-69e1c5917b837-label\"><label id=\"forminator-field-checkbox-1-1-69e1c5917b837-label\" for=\"forminator-field-checkbox-1-1-69e1c5917b837\" class=\"forminator-checkbox forminator-checkbox-inline\" title=\"Wyra\u017cam zgod\u0119 na przetwarzanie moich danych osobowych podanych w tym formularzu w celach zwi\u0105zanych z rekrutacj\u0105 do bazy LETTIV.\"><input type=\"checkbox\" name=\"checkbox-1[]\" value=\"one\" id=\"forminator-field-checkbox-1-1-69e1c5917b837\" aria-labelledby=\"forminator-field-checkbox-1-1-69e1c5917b837-label\" data-calculation=\"0\"   data-hidden-behavior=\"zero\"\/><span class=\"forminator-checkbox-box\" aria-hidden=\"true\"><\/span><span class=\"forminator-checkbox-label\">Wyra\u017cam zgod\u0119 na przetwarzanie moich danych osobowych podanych w tym formularzu w celach zwi\u0105zanych z rekrutacj\u0105 do bazy LETTIV.<\/span><\/label><\/div><\/div><\/div><div class=\"forminator-row\"><div id=\"checkbox-3\" class=\"forminator-field-checkbox forminator-col forminator-col-12 \"><div role=\"group\" class=\"forminator-field required\" aria-labelledby=\"forminator-checkbox-group-69e1c5917b837-label\"><label id=\"forminator-field-checkbox-3-1-69e1c5917b837-label\" for=\"forminator-field-checkbox-3-1-69e1c5917b837\" class=\"forminator-checkbox forminator-checkbox-inline\" title=\"Posiadam prawa do przes\u0142anych materia\u0142\u00f3w oraz tytu\u0142 prawny do prezentowanej nieruchomo\u015bci. Wyra\u017cam zgod\u0119 na udost\u0119pnienie moich danych osobowych firmom z bran\u017cy reklamowej, filmowej i modowej w procesie castingowym.\"><input type=\"checkbox\" name=\"checkbox-3[]\" value=\"one\" id=\"forminator-field-checkbox-3-1-69e1c5917b837\" aria-labelledby=\"forminator-field-checkbox-3-1-69e1c5917b837-label\" data-calculation=\"0\"   data-hidden-behavior=\"zero\"\/><span class=\"forminator-checkbox-box\" aria-hidden=\"true\"><\/span><span class=\"forminator-checkbox-label\">Posiadam prawa do przes\u0142anych materia\u0142\u00f3w oraz tytu\u0142 prawny do prezentowanej nieruchomo\u015bci. Wyra\u017cam zgod\u0119 na udost\u0119pnienie moich danych osobowych firmom z bran\u017cy reklamowej, filmowej i modowej w procesie castingowym.<\/span><\/label><\/div><\/div><\/div><div class=\"forminator-row\"><div id=\"checkbox-2\" class=\"forminator-field-checkbox forminator-col forminator-col-12 \"><div role=\"group\" class=\"forminator-field required\" aria-labelledby=\"forminator-checkbox-group-69e1c5917b837-label\"><label id=\"forminator-field-checkbox-2-1-69e1c5917b837-label\" for=\"forminator-field-checkbox-2-1-69e1c5917b837\" class=\"forminator-checkbox forminator-checkbox-inline\" title=\"Potwierdzam, \u017ce zapozna\u0142em si\u0119 z klauzul\u0105 informacyjn\u0105 administratora danych.\"><input type=\"checkbox\" name=\"checkbox-2[]\" value=\"one\" id=\"forminator-field-checkbox-2-1-69e1c5917b837\" aria-labelledby=\"forminator-field-checkbox-2-1-69e1c5917b837-label\" data-calculation=\"0\"   data-hidden-behavior=\"zero\" aria-describedby=\"forminator-field-checkbox-2-69e1c5917b837-description\"\/><span class=\"forminator-checkbox-box\" aria-hidden=\"true\"><\/span><span class=\"forminator-checkbox-label\">Potwierdzam, \u017ce zapozna\u0142em si\u0119 z klauzul\u0105 informacyjn\u0105 administratora danych.<\/span><\/label><span id=\"forminator-field-checkbox-2-69e1c5917b837-description\" class=\"forminator-description\">Wysy\u0142aj\u0105c formularz zg\u0142oszeniowy, wyra\u017casz zgod\u0119 na przetwarzanie swoich danych osobowych zgodnie z art. 23 Ustawy z dnia 29 sierpnia 1997 r. o ochronie danych osobowych (Dz. U. Nr 133 z 1997 r., poz. 883 z p\u00f3\u017an. zm.) przez agencj\u0119 Lettiv, zarz\u0105dzan\u0105 przez firm\u0119 Brooklyn Rules Konrad Koby\u0142ecki.<\/span><\/div><\/div><\/div><input type=\"hidden\" name=\"referer_url\" value=\"\" \/><div class=\"forminator-row forminator-row-last\"><div class=\"forminator-col\"><div class=\"forminator-field\"><button class=\"forminator-button forminator-button-submit\">Wy\u015blij wiadomo\u015b\u0107<\/button><\/div><\/div><\/div><input type=\"hidden\" id=\"forminator_nonce\" name=\"forminator_nonce\" value=\"000473bc26\" \/><input type=\"hidden\" name=\"_wp_http_referer\" value=\"\/index.php\/wp-json\/wp\/v2\/pages\/150\" \/><input type=\"hidden\" name=\"form_id\" value=\"149\"><input type=\"hidden\" name=\"page_id\" value=\"150\"><input type=\"hidden\" name=\"form_type\" value=\"default\"><input type=\"hidden\" name=\"current_url\" value=\"https:\/\/www.lettiv.com\/index.php\/formularz-lokacja\/\"><input type=\"hidden\" name=\"render_id\" value=\"0\"><input type=\"hidden\" name=\"forminator-multifile-hidden\" class=\"forminator-multifile-hidden\"><input type=\"hidden\" name=\"action\" value=\"forminator_submit_form_custom-forms\"><\/form><\/div>\n\t\t\t\t<\/div>\n\t\t\t\t<\/div>\n\t\t\t\t\t<\/div>\n\t\t\t\t<\/div>\n\t\t\t\t<\/div>\n\t\t","protected":false},"excerpt":{"rendered":"<p>Formularz zg\u0142oszeniowy *pola wymagane<\/p>\n","protected":false},"author":1,"featured_media":0,"parent":0,"menu_order":0,"comment_status":"closed","ping_status":"closed","template":"","meta":{"_acf_changed":false,"site-sidebar-layout":"no-sidebar","site-content-layout":"","ast-site-content-layout":"full-width-container","site-content-style":"default","site-sidebar-style":"default","ast-global-header-display":"","ast-banner-title-visibility":"","ast-main-header-display":"","ast-hfb-above-header-display":"","ast-hfb-below-header-display":"","ast-hfb-mobile-header-display":"","site-post-title":"disabled","ast-breadcrumbs-content":"","ast-featured-img":"disabled","footer-sml-layout":"","theme-transparent-header-meta":"","adv-header-id-meta":"","stick-header-meta":"","header-above-stick-meta":"","header-main-stick-meta":"","header-below-stick-meta":"","astra-migrate-meta-layouts":"default","ast-page-background-enabled":"default","ast-page-background-meta":{"desktop":{"background-color":"var(--ast-global-color-4)","background-image":"","background-repeat":"repeat","background-position":"center center","background-size":"auto","background-attachment":"scroll","background-type":"","background-media":"","overlay-type":"","overlay-color":"","overlay-opacity":"","overlay-gradient":""},"tablet":{"background-color":"","background-image":"","background-repeat":"repeat","background-position":"center center","background-size":"auto","background-attachment":"scroll","background-type":"","background-media":"","overlay-type":"","overlay-color":"","overlay-opacity":"","overlay-gradient":""},"mobile":{"background-color":"","background-image":"","background-repeat":"repeat","background-position":"center center","background-size":"auto","background-attachment":"scroll","background-type":"","background-media":"","overlay-type":"","overlay-color":"","overlay-opacity":"","overlay-gradient":""}},"ast-content-background-meta":{"desktop":{"background-color":"var(--ast-global-color-5)","background-image":"","background-repeat":"repeat","background-position":"center center","background-size":"auto","background-attachment":"scroll","background-type":"","background-media":"","overlay-type":"","overlay-color":"","overlay-opacity":"","overlay-gradient":""},"tablet":{"background-color":"var(--ast-global-color-5)","background-image":"","background-repeat":"repeat","background-position":"center center","background-size":"auto","background-attachment":"scroll","background-type":"","background-media":"","overlay-type":"","overlay-color":"","overlay-opacity":"","overlay-gradient":""},"mobile":{"background-color":"var(--ast-global-color-5)","background-image":"","background-repeat":"repeat","background-position":"center center","background-size":"auto","background-attachment":"scroll","background-type":"","background-media":"","overlay-type":"","overlay-color":"","overlay-opacity":"","overlay-gradient":""}},"footnotes":""},"class_list":["post-150","page","type-page","status-publish","hentry"],"acf":[],"_links":{"self":[{"href":"https:\/\/www.lettiv.com\/index.php\/wp-json\/wp\/v2\/pages\/150","targetHints":{"allow":["GET"]}}],"collection":[{"href":"https:\/\/www.lettiv.com\/index.php\/wp-json\/wp\/v2\/pages"}],"about":[{"href":"https:\/\/www.lettiv.com\/index.php\/wp-json\/wp\/v2\/types\/page"}],"author":[{"embeddable":true,"href":"https:\/\/www.lettiv.com\/index.php\/wp-json\/wp\/v2\/users\/1"}],"replies":[{"embeddable":true,"href":"https:\/\/www.lettiv.com\/index.php\/wp-json\/wp\/v2\/comments?post=150"}],"version-history":[{"count":7,"href":"https:\/\/www.lettiv.com\/index.php\/wp-json\/wp\/v2\/pages\/150\/revisions"}],"predecessor-version":[{"id":217,"href":"https:\/\/www.lettiv.com\/index.php\/wp-json\/wp\/v2\/pages\/150\/revisions\/217"}],"wp:attachment":[{"href":"https:\/\/www.lettiv.com\/index.php\/wp-json\/wp\/v2\/media?parent=150"}],"curies":[{"name":"wp","href":"https:\/\/api.w.org\/{rel}","templated":true}]}}