{"id":90,"date":"2024-09-10T15:01:31","date_gmt":"2024-09-10T13:01:31","guid":{"rendered":"https:\/\/www.lettiv.com\/?page_id=90"},"modified":"2024-09-25T13:18:45","modified_gmt":"2024-09-25T11:18:45","slug":"zglos-sie","status":"publish","type":"page","link":"https:\/\/www.lettiv.com\/index.php\/zglos-sie\/","title":{"rendered":"Zg\u0142o\u015b si\u0119"},"content":{"rendered":"\t\t<div data-elementor-type=\"wp-page\" data-elementor-id=\"90\" class=\"elementor elementor-90\">\n\t\t\t\t\t\t<section class=\"elementor-section elementor-top-section elementor-element elementor-element-5ebda7b7 elementor-section-content-middle elementor-section-boxed elementor-section-height-default elementor-section-height-default\" data-id=\"5ebda7b7\" data-element_type=\"section\" data-settings=\"{&quot;background_background&quot;:&quot;classic&quot;}\">\n\t\t\t\t\t\t\t<div class=\"elementor-background-overlay\"><\/div>\n\t\t\t\t\t\t\t<div class=\"elementor-container elementor-column-gap-default\">\n\t\t\t\t\t<div class=\"elementor-column elementor-col-100 elementor-top-column elementor-element elementor-element-8d40c72\" data-id=\"8d40c72\" data-element_type=\"column\">\n\t\t\t<div class=\"elementor-widget-wrap elementor-element-populated\">\n\t\t\t\t\t<div class=\"elementor-background-overlay\"><\/div>\n\t\t\t\t\t\t<section class=\"elementor-section elementor-inner-section elementor-element elementor-element-6414742a elementor-section-boxed elementor-section-height-default elementor-section-height-default\" data-id=\"6414742a\" data-element_type=\"section\">\n\t\t\t\t\t\t<div class=\"elementor-container elementor-column-gap-default\">\n\t\t\t\t\t<div class=\"elementor-column elementor-col-100 elementor-inner-column elementor-element elementor-element-33c09e87\" data-id=\"33c09e87\" data-element_type=\"column\">\n\t\t\t<div class=\"elementor-widget-wrap elementor-element-populated\">\n\t\t\t\t\t\t<div class=\"elementor-element elementor-element-24850402 elementor-widget elementor-widget-heading\" data-id=\"24850402\" data-element_type=\"widget\" data-widget_type=\"heading.default\">\n\t\t\t\t<div class=\"elementor-widget-container\">\n\t\t\t<style>\/*! elementor - v3.23.0 - 05-08-2024 *\/\n.elementor-heading-title{padding:0;margin:0;line-height:1}.elementor-widget-heading .elementor-heading-title[class*=elementor-size-]>a{color:inherit;font-size:inherit;line-height:inherit}.elementor-widget-heading .elementor-heading-title.elementor-size-small{font-size:15px}.elementor-widget-heading .elementor-heading-title.elementor-size-medium{font-size:19px}.elementor-widget-heading .elementor-heading-title.elementor-size-large{font-size:29px}.elementor-widget-heading .elementor-heading-title.elementor-size-xl{font-size:39px}.elementor-widget-heading .elementor-heading-title.elementor-size-xxl{font-size:59px}<\/style><h2 class=\"elementor-heading-title elementor-size-default\">Zg\u0142o\u015b si\u0119 do naszej agencji.<\/h2>\t\t<\/div>\n\t\t\t\t<\/div>\n\t\t\t\t<div class=\"elementor-element elementor-element-5de5516 elementor-widget elementor-widget-heading\" data-id=\"5de5516\" data-element_type=\"widget\" data-widget_type=\"heading.default\">\n\t\t\t\t<div class=\"elementor-widget-container\">\n\t\t\t<h2 class=\"elementor-heading-title elementor-size-default\">Zg\u0142oszenie jest ca\u0142kowicie bezp\u0142atne.<\/h2>\t\t<\/div>\n\t\t\t\t<\/div>\n\t\t\t\t<div class=\"elementor-element elementor-element-c0cab48 elementor-widget elementor-widget-html\" data-id=\"c0cab48\" data-element_type=\"widget\" data-widget_type=\"html.default\">\n\t\t\t\t<div class=\"elementor-widget-container\">\n\t\t\t<!DOCTYPE html>\n<html lang=\"pl\">\n<head>\n    <meta charset=\"UTF-8\">\n    <meta name=\"viewport\" content=\"width=device-width, initial-scale=1.0\">\n    <title>\u0141adna Lista Rozwijana<\/title>\n    <style>\n        \/* Og\u00f3lne style *\/\n        body {\n          text-align: center;\n        }\n\n        \/* Styl przycisku rozwijania *\/\n        .dropbtn {\n            background-color: #934332; \/* Oryginalny kolor przycisku *\/\n            color: #D7D4CB;\n            padding: 16px;\n            font-size: 19px;\n            border: none;\n            cursor: pointer;\n            border-radius: 5px;\n            text-align: center;\n            transition: background-color 0.3s ease, color 0.3s ease;\n        }\n\n        \/* Styl przycisku po klikni\u0119ciu *\/\n        .active-btn {\n            background-color: #D7D4CB !important; \/* Ustawienie koloru po rozwini\u0119ciu *\/\n            color: white !important; \/* Ustawienie koloru tekstu po rozwini\u0119ciu *\/\n        }\n\n        \/* Usuwamy \u017c\u00f3\u0142ty kolor po najechaniu *\/\n        .dropbtn:hover {\n            background-color: #D7D4CB;\n            color: #934432;\n        }\n\n        \/* Styl kontenera rozwijanej listy *\/\n        .dropdown {\n            position: relative;\n            display: inline-block;\n            text-align: center;\n        }\n\n        \/* Styl zawarto\u015bci rozwijanej listy *\/\n        .dropdown-content {\n            display: none;\n            position: absolute;\n            background-color: #D7D4CB;\n            min-width: 330px;\n            box-shadow: 0px 8px 16px 0px rgba(0,0,0,0.2);\n            border-radius: 5px;\n            z-index: 1;\n            text-align: center;\n            left: 50%;\n            transform: translateX(-50%);\n        }\n\n        \/* Styl dla link\u00f3w w rozwijanej li\u015bcie *\/\n        .dropdown-content a {\n            color: #934432;\n            padding: 12px 16px;\n            text-decoration: none;\n            display: block;\n            border-bottom: 1px solid #ddd;\n            text-align: center;\n        }\n\n        .dropdown-content a:last-child {\n            border-bottom: none;\n            text-align: center;\n        }\n\n        \/* Zmiana koloru link\u00f3w po najechaniu *\/\n        .dropdown-content a:hover {\n            background-color: #D7D4CB;\n            text-align: center;\n        }\n    <\/style>\n<\/head>\n<body>\n\n<div class=\"dropdown\">\n    <button class=\"dropbtn\" id=\"dropdownButton\" onclick=\"toggleDropdown()\">Wybierz odpowiedni rodzaj formularza<\/button>\n    <div class=\"dropdown-content\" id=\"myDropdown\">\n        <a href=\"https:\/\/www.lettiv.com\/index.php\/formularzwomen\/\">kobieta<\/a>\n        <a href=\"https:\/\/www.lettiv.com\/index.php\/formularzman\/\">m\u0119\u017cczyzna<\/a>\n        <a href=\"https:\/\/www.lettiv.com\/index.php\/formularzkids\/\">dziecko<\/a>\n        <a href=\"https:\/\/www.lettiv.com\/index.php\/formularz-lokacja\/\">lokacja<\/a>\n    <\/div>\n<\/div>\n\n<script>\n    function toggleDropdown() {\n        var dropdownContent = document.getElementById(\"myDropdown\");\n        var dropdownButton = document.getElementById(\"dropdownButton\");\n\n        \/\/ Prze\u0142\u0105czaj widoczno\u015b\u0107 listy rozwijanej\n        dropdownContent.style.display = dropdownContent.style.display === \"block\" ? \"none\" : \"block\";\n\n        \/\/ Prze\u0142\u0105czaj klas\u0119 aktywnego przycisku, kt\u00f3ra zmienia jego kolor\n        if (dropdownContent.style.display === \"block\") {\n            dropdownButton.classList.add(\"active-btn\");\n        } else {\n            dropdownButton.classList.remove(\"active-btn\");\n        }\n    }\n\n    \/\/ Zamknij dropdown, je\u015bli klikni\u0119to poza nim\n    window.onclick = function(event) {\n        if (!event.target.matches('.dropbtn')) {\n            var dropdowns = document.getElementsByClassName(\"dropdown-content\");\n            var dropdownButton = document.getElementById(\"dropdownButton\");\n\n            for (var i = 0; i < dropdowns.length; i++) {\n                var openDropdown = dropdowns[i];\n                if (openDropdown.style.display === \"block\") {\n                    openDropdown.style.display = \"none\";\n                    dropdownButton.classList.remove(\"active-btn\");\n                }\n            }\n        }\n    }\n<\/script>\n\n<\/body>\n<\/html>\n\t\t<\/div>\n\t\t\t\t<\/div>\n\t\t\t\t\t<\/div>\n\t\t<\/div>\n\t\t\t\t\t<\/div>\n\t\t<\/section>\n\t\t\t\t\t<\/div>\n\t\t<\/div>\n\t\t\t\t\t<\/div>\n\t\t<\/section>\n\t\t\t\t<\/div>\n\t\t","protected":false},"excerpt":{"rendered":"<p>Zg\u0142o\u015b si\u0119 do naszej agencji. Zg\u0142oszenie jest ca\u0142kowicie bezp\u0142atne. \u0141adna Lista Rozwijana Wybierz odpowiedni rodzaj formularza kobieta m\u0119\u017cczyzna dziecko lokacja<\/p>\n","protected":false},"author":1,"featured_media":0,"parent":0,"menu_order":0,"comment_status":"closed","ping_status":"closed","template":"","meta":{"_acf_changed":false,"site-sidebar-layout":"no-sidebar","site-content-layout":"","ast-site-content-layout":"full-width-container","site-content-style":"default","site-sidebar-style":"default","ast-global-header-display":"","ast-banner-title-visibility":"","ast-main-header-display":"","ast-hfb-above-header-display":"","ast-hfb-below-header-display":"","ast-hfb-mobile-header-display":"","site-post-title":"disabled","ast-breadcrumbs-content":"","ast-featured-img":"disabled","footer-sml-layout":"","theme-transparent-header-meta":"","adv-header-id-meta":"","stick-header-meta":"","header-above-stick-meta":"","header-main-stick-meta":"","header-below-stick-meta":"","astra-migrate-meta-layouts":"default","ast-page-background-enabled":"default","ast-page-background-meta":{"desktop":{"background-color":"var(--ast-global-color-4)","background-image":"","background-repeat":"repeat","background-position":"center center","background-size":"auto","background-attachment":"scroll","background-type":"","background-media":"","overlay-type":"","overlay-color":"","overlay-opacity":"","overlay-gradient":""},"tablet":{"background-color":"","background-image":"","background-repeat":"repeat","background-position":"center center","background-size":"auto","background-attachment":"scroll","background-type":"","background-media":"","overlay-type":"","overlay-color":"","overlay-opacity":"","overlay-gradient":""},"mobile":{"background-color":"","background-image":"","background-repeat":"repeat","background-position":"center center","background-size":"auto","background-attachment":"scroll","background-type":"","background-media":"","overlay-type":"","overlay-color":"","overlay-opacity":"","overlay-gradient":""}},"ast-content-background-meta":{"desktop":{"background-color":"var(--ast-global-color-5)","background-image":"","background-repeat":"repeat","background-position":"center center","background-size":"auto","background-attachment":"scroll","background-type":"","background-media":"","overlay-type":"","overlay-color":"","overlay-opacity":"","overlay-gradient":""},"tablet":{"background-color":"var(--ast-global-color-5)","background-image":"","background-repeat":"repeat","background-position":"center center","background-size":"auto","background-attachment":"scroll","background-type":"","background-media":"","overlay-type":"","overlay-color":"","overlay-opacity":"","overlay-gradient":""},"mobile":{"background-color":"var(--ast-global-color-5)","background-image":"","background-repeat":"repeat","background-position":"center center","background-size":"auto","background-attachment":"scroll","background-type":"","background-media":"","overlay-type":"","overlay-color":"","overlay-opacity":"","overlay-gradient":""}},"footnotes":""},"class_list":["post-90","page","type-page","status-publish","hentry"],"acf":[],"_links":{"self":[{"href":"https:\/\/www.lettiv.com\/index.php\/wp-json\/wp\/v2\/pages\/90","targetHints":{"allow":["GET"]}}],"collection":[{"href":"https:\/\/www.lettiv.com\/index.php\/wp-json\/wp\/v2\/pages"}],"about":[{"href":"https:\/\/www.lettiv.com\/index.php\/wp-json\/wp\/v2\/types\/page"}],"author":[{"embeddable":true,"href":"https:\/\/www.lettiv.com\/index.php\/wp-json\/wp\/v2\/users\/1"}],"replies":[{"embeddable":true,"href":"https:\/\/www.lettiv.com\/index.php\/wp-json\/wp\/v2\/comments?post=90"}],"version-history":[{"count":100,"href":"https:\/\/www.lettiv.com\/index.php\/wp-json\/wp\/v2\/pages\/90\/revisions"}],"predecessor-version":[{"id":416,"href":"https:\/\/www.lettiv.com\/index.php\/wp-json\/wp\/v2\/pages\/90\/revisions\/416"}],"wp:attachment":[{"href":"https:\/\/www.lettiv.com\/index.php\/wp-json\/wp\/v2\/media?parent=90"}],"curies":[{"name":"wp","href":"https:\/\/api.w.org\/{rel}","templated":true}]}}